{"id":2108,"date":"2023-12-20T22:22:01","date_gmt":"2023-12-21T04:22:01","guid":{"rendered":"https:\/\/convenitconsultants.com\/page-de-contact\/"},"modified":"2024-02-06T16:37:16","modified_gmt":"2024-02-06T22:37:16","slug":"page-de-contact","status":"publish","type":"page","link":"https:\/\/convenitconsultants.com\/fr\/page-de-contact\/","title":{"rendered":"Page de contact"},"content":{"rendered":"\t\t<div data-elementor-type=\"wp-page\" data-elementor-id=\"2108\" class=\"elementor elementor-2108 elementor-50\" data-elementor-post-type=\"page\">\n\t\t\t\t<div class=\"elementor-element elementor-element-36147173 e-flex e-con-boxed e-con e-parent\" data-id=\"36147173\" data-element_type=\"container\" data-e-type=\"container\" data-settings=\"{&quot;background_background&quot;:&quot;classic&quot;}\">\n\t\t\t\t\t<div class=\"e-con-inner\">\n\t\t<div class=\"elementor-element elementor-element-7d80376 e-con-full e-flex e-con e-child\" data-id=\"7d80376\" data-element_type=\"container\" data-e-type=\"container\">\n\t\t<div class=\"elementor-element elementor-element-15797030 e-con-full e-flex e-con e-child\" data-id=\"15797030\" data-element_type=\"container\" data-e-type=\"container\">\n\t\t\t\t<div class=\"elementor-element elementor-element-50b8ee7b elementor-widget__width-initial elementor-widget-mobile__width-inherit elementor-widget-tablet__width-inherit elementor-widget elementor-widget-heading\" data-id=\"50b8ee7b\" data-element_type=\"widget\" data-e-type=\"widget\" data-widget_type=\"heading.default\">\n\t\t\t\t<div class=\"elementor-widget-container\">\n\t\t\t\t\t<h2 class=\"elementor-heading-title elementor-size-default\"> <span> Se connecter<\/span> avec Convenit Consultants<\/h2>\t\t\t\t<\/div>\n\t\t\t\t<\/div>\n\t\t\t\t<div class=\"elementor-element elementor-element-4bf1e8c0 elementor-widget elementor-widget-text-editor\" data-id=\"4bf1e8c0\" data-element_type=\"widget\" data-e-type=\"widget\" data-widget_type=\"text-editor.default\">\n\t\t\t\t<div class=\"elementor-widget-container\">\n\t\t\t\t\t\t\t\t\t<p>Votre porte d&rsquo;entr\u00e9e vers l&rsquo;excellence commerciale mondiale<\/p>\n\t\t\t\t\t\t\t\t<\/div>\n\t\t\t\t<\/div>\n\t\t\t\t<\/div>\n\t\t<div class=\"elementor-element elementor-element-7e8debf2 e-con-full e-flex e-con e-child\" data-id=\"7e8debf2\" data-element_type=\"container\" data-e-type=\"container\">\n\t\t\t\t<div class=\"elementor-element elementor-element-2cf4a093 elementor-widget elementor-widget-heading\" data-id=\"2cf4a093\" data-element_type=\"widget\" data-e-type=\"widget\" data-widget_type=\"heading.default\">\n\t\t\t\t<div class=\"elementor-widget-container\">\n\t\t\t\t\t<h2 class=\"elementor-heading-title elementor-size-default\">Pr\u00eat \u00e0 discuter de vos objectifs internationaux ?  <span>Contactez-nous d\u00e8s aujourd'hui !<\/span><\/h2>\t\t\t\t<\/div>\n\t\t\t\t<\/div>\n\t\t\t\t<div class=\"elementor-element elementor-element-2204bc0 elementor-button-align-end elementor-widget elementor-widget-form\" data-id=\"2204bc0\" data-element_type=\"widget\" data-e-type=\"widget\" data-settings=\"{&quot;step_next_label&quot;:&quot;Suivant&quot;,&quot;step_previous_label&quot;:&quot;Pr\\u00e9c\\u00e9dent&quot;,&quot;button_width&quot;:&quot;100&quot;,&quot;step_type&quot;:&quot;number_text&quot;,&quot;step_icon_shape&quot;:&quot;circle&quot;}\" data-widget_type=\"form.default\">\n\t\t\t\t<div class=\"elementor-widget-container\">\n\t\t\t\t\t\t\t<form class=\"elementor-form\" method=\"post\" name=\"Nouveau formulaire\">\n\t\t\t<input type=\"hidden\" name=\"post_id\" value=\"2108\"\/>\n\t\t\t<input type=\"hidden\" name=\"form_id\" value=\"2204bc0\"\/>\n\t\t\t<input type=\"hidden\" name=\"referer_title\" value=\"Page de contact - ConvenitConsultants.com\" \/>\n\n\t\t\t\t\t\t\t<input type=\"hidden\" name=\"queried_id\" value=\"2108\"\/>\n\t\t\t\n\t\t\t<div class=\"elementor-form-fields-wrapper elementor-labels-\">\n\t\t\t\t\t\t\t\t<div class=\"elementor-field-type-text elementor-field-group elementor-column elementor-field-group-name elementor-col-100\">\n\t\t\t\t\t\t\t\t\t\t\t\t<label for=\"form-field-name\" class=\"elementor-field-label elementor-screen-only\">\n\t\t\t\t\t\t\t\tNom\t\t\t\t\t\t\t<\/label>\n\t\t\t\t\t\t\t\t\t\t\t\t\t\t<input size=\"1\" type=\"text\" name=\"form_fields[name]\" id=\"form-field-name\" class=\"elementor-field elementor-size-sm  elementor-field-textual\" placeholder=\"NOM COMPLET*\">\n\t\t\t\t\t\t\t\t\t\t\t<\/div>\n\t\t\t\t\t\t\t\t<div class=\"elementor-field-type-text elementor-field-group elementor-column elementor-field-group-email elementor-col-100 elementor-field-required\">\n\t\t\t\t\t\t\t\t\t\t\t\t<label for=\"form-field-email\" class=\"elementor-field-label elementor-screen-only\">\n\t\t\t\t\t\t\t\tCourriel\t\t\t\t\t\t\t<\/label>\n\t\t\t\t\t\t\t\t\t\t\t\t\t\t<input size=\"1\" type=\"text\" name=\"form_fields[email]\" id=\"form-field-email\" class=\"elementor-field elementor-size-sm  elementor-field-textual\" placeholder=\"SOCI\u00c9T\u00c9*\" required=\"required\" aria-required=\"true\">\n\t\t\t\t\t\t\t\t\t\t\t<\/div>\n\t\t\t\t\t\t\t\t<div class=\"elementor-field-type-email elementor-field-group elementor-column elementor-field-group-field_3131a43 elementor-col-100 elementor-field-required\">\n\t\t\t\t\t\t\t\t\t\t\t\t<label for=\"form-field-field_3131a43\" class=\"elementor-field-label elementor-screen-only\">\n\t\t\t\t\t\t\t\tCourriel\t\t\t\t\t\t\t<\/label>\n\t\t\t\t\t\t\t\t\t\t\t\t\t\t<input size=\"1\" type=\"email\" name=\"form_fields[field_3131a43]\" id=\"form-field-field_3131a43\" class=\"elementor-field elementor-size-sm  elementor-field-textual\" placeholder=\"COURRIEL*\" required=\"required\" aria-required=\"true\">\n\t\t\t\t\t\t\t\t\t\t\t<\/div>\n\t\t\t\t\t\t\t\t<div class=\"elementor-field-type-number elementor-field-group elementor-column elementor-field-group-field_e2c7ed5 elementor-col-100 elementor-field-required\">\n\t\t\t\t\t\t\t\t\t\t\t\t<label for=\"form-field-field_e2c7ed5\" class=\"elementor-field-label elementor-screen-only\">\n\t\t\t\t\t\t\t\tCourriel\t\t\t\t\t\t\t<\/label>\n\t\t\t\t\t\t\t\t\t<input type=\"number\" name=\"form_fields[field_e2c7ed5]\" id=\"form-field-field_e2c7ed5\" class=\"elementor-field elementor-size-sm  elementor-field-textual\" placeholder=\"NUM\u00c9RO DE T\u00c9L\u00c9PHONE*\" required=\"required\" aria-required=\"true\" min=\"\" max=\"\" >\n\t\t\t\t\t\t<\/div>\n\t\t\t\t\t\t\t\t<div class=\"elementor-field-type-textarea elementor-field-group elementor-column elementor-field-group-message elementor-col-100\">\n\t\t\t\t\t\t\t\t\t\t\t\t<label for=\"form-field-message\" class=\"elementor-field-label elementor-screen-only\">\n\t\t\t\t\t\t\t\tMessage\t\t\t\t\t\t\t<\/label>\n\t\t\t\t\t\t<textarea class=\"elementor-field-textual elementor-field  elementor-size-sm\" name=\"form_fields[message]\" id=\"form-field-message\" rows=\"4\" placeholder=\"DITES-NOUS COMMENT NOUS POUVONS VOUS AIDER*\"><\/textarea>\t\t\t\t<\/div>\n\t\t\t\t\t\t\t\t<div class=\"elementor-field-group elementor-column elementor-field-type-submit elementor-col-100 e-form__buttons\">\n\t\t\t\t\t<button class=\"elementor-button elementor-size-sm\" type=\"submit\">\n\t\t\t\t\t\t<span class=\"elementor-button-content-wrapper\">\n\t\t\t\t\t\t\t\t\t\t\t\t\t\t\t\t\t\t\t\t\t\t<span class=\"elementor-button-text\">Soumettre des informations<\/span>\n\t\t\t\t\t\t\t\t\t\t\t\t\t<\/span>\n\t\t\t\t\t<\/button>\n\t\t\t\t<\/div>\n\t\t\t<\/div>\n\t\t<\/form>\n\t\t\t\t\t\t<\/div>\n\t\t\t\t<\/div>\n\t\t\t\t<\/div>\n\t\t\t\t<\/div>\n\t\t<div class=\"elementor-element elementor-element-2c80024a e-con-full e-flex e-con e-child\" data-id=\"2c80024a\" data-element_type=\"container\" data-e-type=\"container\">\n\t\t<div class=\"elementor-element elementor-element-49c2d4ff e-con-full e-flex e-con e-child\" data-id=\"49c2d4ff\" data-element_type=\"container\" data-e-type=\"container\">\n\t\t\t\t<div class=\"elementor-element elementor-element-5190a8be elementor-widget elementor-widget-heading\" data-id=\"5190a8be\" data-element_type=\"widget\" data-e-type=\"widget\" data-widget_type=\"heading.default\">\n\t\t\t\t<div class=\"elementor-widget-container\">\n\t\t\t\t\t<h2 class=\"elementor-heading-title elementor-size-default\"><span>Demander<\/span> l'avis d'un expert<\/h2>\t\t\t\t<\/div>\n\t\t\t\t<\/div>\n\t\t\t\t<\/div>\n\t\t<div class=\"elementor-element elementor-element-79f5c76a e-con-full e-flex e-con e-child\" data-id=\"79f5c76a\" data-element_type=\"container\" data-e-type=\"container\">\n\t\t\t\t<div class=\"elementor-element elementor-element-48f19bcc elementor-widget__width-initial elementor-widget elementor-widget-text-editor\" data-id=\"48f19bcc\" data-element_type=\"widget\" data-e-type=\"widget\" data-widget_type=\"text-editor.default\">\n\t\t\t\t<div class=\"elementor-widget-container\">\n\t\t\t\t\t\t\t\t\t<p>EMAIL US<\/p>\n\t\t\t\t\t\t\t\t<\/div>\n\t\t\t\t<\/div>\n\t\t\t\t<div class=\"elementor-element elementor-element-3d16b7ae elementor-widget__width-inherit elementor-widget elementor-widget-text-editor\" data-id=\"3d16b7ae\" data-element_type=\"widget\" data-e-type=\"widget\" data-widget_type=\"text-editor.default\">\n\t\t\t\t<div class=\"elementor-widget-container\">\n\t\t\t\t\t\t\t\t\t<p><a href=\"mailto:info@convenitconsultants.com\">info@convenitconsultants.com<\/a><\/p>\n\t\t\t\t\t\t\t\t<\/div>\n\t\t\t\t<\/div>\n\t\t\t\t<\/div>\n\t\t<div class=\"elementor-element elementor-element-44e3e949 e-con-full e-flex e-con e-child\" data-id=\"44e3e949\" data-element_type=\"container\" data-e-type=\"container\">\n\t\t\t\t<div class=\"elementor-element elementor-element-5eb7998b elementor-widget__width-initial elementor-widget elementor-widget-text-editor\" data-id=\"5eb7998b\" data-element_type=\"widget\" data-e-type=\"widget\" data-widget_type=\"text-editor.default\">\n\t\t\t\t<div class=\"elementor-widget-container\">\n\t\t\t\t\t\t\t\t\t<p>APPELEZ-NOUS<\/p>\n\t\t\t\t\t\t\t\t<\/div>\n\t\t\t\t<\/div>\n\t\t\t\t<div class=\"elementor-element elementor-element-529a01bd elementor-widget__width-inherit elementor-widget elementor-widget-text-editor\" data-id=\"529a01bd\" data-element_type=\"widget\" data-e-type=\"widget\" data-widget_type=\"text-editor.default\">\n\t\t\t\t<div class=\"elementor-widget-container\">\n\t\t\t\t\t\t\t\t\t<p><a href=\"http:\/\/+1.817.487.7911\">+1.817.487.7911<\/a><\/p>\n\t\t\t\t\t\t\t\t<\/div>\n\t\t\t\t<\/div>\n\t\t\t\t<\/div>\n\t\t\t\t<\/div>\n\t\t\t\t\t<\/div>\n\t\t\t\t<\/div>\n\t\t\t\t<\/div>\n\t\t","protected":false},"excerpt":{"rendered":"<p>Se connecter avec Convenit Consultants Votre porte d&rsquo;entr\u00e9e vers l&rsquo;excellence commerciale mondiale Pr\u00eat \u00e0 discuter de vos objectifs internationaux ? Contactez-nous d\u00e8s aujourd&rsquo;hui ! Demander l&rsquo;avis d&rsquo;un expert EMAIL US info@convenitconsultants.com APPELEZ-NOUS +1.817.487.7911<\/p>\n","protected":false},"author":244104925,"featured_media":0,"parent":0,"menu_order":0,"comment_status":"closed","ping_status":"closed","template":"elementor_header_footer","meta":{"_crdt_document":"","om_disable_all_campaigns":false,"_monsterinsights_skip_tracking":false,"_monsterinsights_sitenote_active":false,"_monsterinsights_sitenote_note":"","_monsterinsights_sitenote_category":0,"_uf_show_specific_survey":0,"_uf_disable_surveys":false,"footnotes":""},"class_list":["post-2108","page","type-page","status-publish","hentry"],"yoast_head":"<!-- This site is optimized with the Yoast SEO Premium plugin v22.9 (Yoast SEO v27.3) - https:\/\/yoast.com\/product\/yoast-seo-premium-wordpress\/ -->\n<title>Page de contact - ConvenitConsultants.com<\/title>\n<meta name=\"robots\" content=\"index, follow, max-snippet:-1, max-image-preview:large, max-video-preview:-1\" \/>\n<link rel=\"canonical\" href=\"https:\/\/convenitconsultants.com\/fr\/page-de-contact\/\" \/>\n<meta property=\"og:locale\" content=\"fr_FR\" \/>\n<meta property=\"og:type\" content=\"article\" \/>\n<meta property=\"og:title\" content=\"Page de contact\" \/>\n<meta property=\"og:description\" content=\"Se connecter avec Convenit Consultants Votre porte d&rsquo;entr\u00e9e vers l&rsquo;excellence commerciale mondiale Pr\u00eat \u00e0 discuter de vos objectifs internationaux ? Contactez-nous d\u00e8s aujourd&rsquo;hui ! Demander l&rsquo;avis d&rsquo;un expert EMAIL US info@convenitconsultants.com APPELEZ-NOUS +1.817.487.7911\" \/>\n<meta property=\"og:url\" content=\"https:\/\/convenitconsultants.com\/fr\/page-de-contact\/\" \/>\n<meta property=\"og:site_name\" content=\"ConvenitConsultants.com\" \/>\n<meta property=\"article:modified_time\" content=\"2024-02-06T22:37:16+00:00\" \/>\n<meta name=\"twitter:card\" content=\"summary_large_image\" \/>\n<script type=\"application\/ld+json\" class=\"yoast-schema-graph\">{\"@context\":\"https:\\\/\\\/schema.org\",\"@graph\":[{\"@type\":\"WebPage\",\"@id\":\"https:\\\/\\\/convenitconsultants.com\\\/fr\\\/page-de-contact\\\/\",\"url\":\"https:\\\/\\\/convenitconsultants.com\\\/fr\\\/page-de-contact\\\/\",\"name\":\"Page de contact - ConvenitConsultants.com\",\"isPartOf\":{\"@id\":\"https:\\\/\\\/convenitconsultants.com\\\/#website\"},\"datePublished\":\"2023-12-21T04:22:01+00:00\",\"dateModified\":\"2024-02-06T22:37:16+00:00\",\"breadcrumb\":{\"@id\":\"https:\\\/\\\/convenitconsultants.com\\\/fr\\\/page-de-contact\\\/#breadcrumb\"},\"inLanguage\":\"fr-FR\",\"potentialAction\":[{\"@type\":\"ReadAction\",\"target\":[\"https:\\\/\\\/convenitconsultants.com\\\/fr\\\/page-de-contact\\\/\"]}]},{\"@type\":\"BreadcrumbList\",\"@id\":\"https:\\\/\\\/convenitconsultants.com\\\/fr\\\/page-de-contact\\\/#breadcrumb\",\"itemListElement\":[{\"@type\":\"ListItem\",\"position\":1,\"name\":\"Home\",\"item\":\"https:\\\/\\\/convenitconsultants.com\\\/fr\\\/\"},{\"@type\":\"ListItem\",\"position\":2,\"name\":\"Page de contact\"}]},{\"@type\":\"WebSite\",\"@id\":\"https:\\\/\\\/convenitconsultants.com\\\/#website\",\"url\":\"https:\\\/\\\/convenitconsultants.com\\\/\",\"name\":\"ConvenitConsultants.com\",\"description\":\"\",\"potentialAction\":[{\"@type\":\"SearchAction\",\"target\":{\"@type\":\"EntryPoint\",\"urlTemplate\":\"https:\\\/\\\/convenitconsultants.com\\\/?s={search_term_string}\"},\"query-input\":{\"@type\":\"PropertyValueSpecification\",\"valueRequired\":true,\"valueName\":\"search_term_string\"}}],\"inLanguage\":\"fr-FR\"}]}<\/script>\n<!-- \/ Yoast SEO Premium plugin. -->","yoast_head_json":{"title":"Page de contact - ConvenitConsultants.com","robots":{"index":"index","follow":"follow","max-snippet":"max-snippet:-1","max-image-preview":"max-image-preview:large","max-video-preview":"max-video-preview:-1"},"canonical":"https:\/\/convenitconsultants.com\/fr\/page-de-contact\/","og_locale":"fr_FR","og_type":"article","og_title":"Page de contact","og_description":"Se connecter avec Convenit Consultants Votre porte d&rsquo;entr\u00e9e vers l&rsquo;excellence commerciale mondiale Pr\u00eat \u00e0 discuter de vos objectifs internationaux ? Contactez-nous d\u00e8s aujourd&rsquo;hui ! Demander l&rsquo;avis d&rsquo;un expert EMAIL US info@convenitconsultants.com APPELEZ-NOUS +1.817.487.7911","og_url":"https:\/\/convenitconsultants.com\/fr\/page-de-contact\/","og_site_name":"ConvenitConsultants.com","article_modified_time":"2024-02-06T22:37:16+00:00","twitter_card":"summary_large_image","schema":{"@context":"https:\/\/schema.org","@graph":[{"@type":"WebPage","@id":"https:\/\/convenitconsultants.com\/fr\/page-de-contact\/","url":"https:\/\/convenitconsultants.com\/fr\/page-de-contact\/","name":"Page de contact - ConvenitConsultants.com","isPartOf":{"@id":"https:\/\/convenitconsultants.com\/#website"},"datePublished":"2023-12-21T04:22:01+00:00","dateModified":"2024-02-06T22:37:16+00:00","breadcrumb":{"@id":"https:\/\/convenitconsultants.com\/fr\/page-de-contact\/#breadcrumb"},"inLanguage":"fr-FR","potentialAction":[{"@type":"ReadAction","target":["https:\/\/convenitconsultants.com\/fr\/page-de-contact\/"]}]},{"@type":"BreadcrumbList","@id":"https:\/\/convenitconsultants.com\/fr\/page-de-contact\/#breadcrumb","itemListElement":[{"@type":"ListItem","position":1,"name":"Home","item":"https:\/\/convenitconsultants.com\/fr\/"},{"@type":"ListItem","position":2,"name":"Page de contact"}]},{"@type":"WebSite","@id":"https:\/\/convenitconsultants.com\/#website","url":"https:\/\/convenitconsultants.com\/","name":"ConvenitConsultants.com","description":"","potentialAction":[{"@type":"SearchAction","target":{"@type":"EntryPoint","urlTemplate":"https:\/\/convenitconsultants.com\/?s={search_term_string}"},"query-input":{"@type":"PropertyValueSpecification","valueRequired":true,"valueName":"search_term_string"}}],"inLanguage":"fr-FR"}]}},"jetpack_likes_enabled":true,"jetpack_sharing_enabled":true,"jetpack_shortlink":"https:\/\/wp.me\/PfnfTR-y0","jetpack-related-posts":[],"_links":{"self":[{"href":"https:\/\/convenitconsultants.com\/fr\/wp-json\/wp\/v2\/pages\/2108","targetHints":{"allow":["GET"]}}],"collection":[{"href":"https:\/\/convenitconsultants.com\/fr\/wp-json\/wp\/v2\/pages"}],"about":[{"href":"https:\/\/convenitconsultants.com\/fr\/wp-json\/wp\/v2\/types\/page"}],"author":[{"embeddable":true,"href":"https:\/\/convenitconsultants.com\/fr\/wp-json\/wp\/v2\/users\/244104925"}],"replies":[{"embeddable":true,"href":"https:\/\/convenitconsultants.com\/fr\/wp-json\/wp\/v2\/comments?post=2108"}],"version-history":[{"count":5,"href":"https:\/\/convenitconsultants.com\/fr\/wp-json\/wp\/v2\/pages\/2108\/revisions"}],"predecessor-version":[{"id":2910,"href":"https:\/\/convenitconsultants.com\/fr\/wp-json\/wp\/v2\/pages\/2108\/revisions\/2910"}],"wp:attachment":[{"href":"https:\/\/convenitconsultants.com\/fr\/wp-json\/wp\/v2\/media?parent=2108"}],"curies":[{"name":"wp","href":"https:\/\/api.w.org\/{rel}","templated":true}]}}